{"id":55,"date":"2019-05-05T19:33:02","date_gmt":"2019-05-05T19:33:02","guid":{"rendered":"http:\/\/jazzswingcollegeband.eu\/?page_id=55"},"modified":"2019-12-12T21:39:32","modified_gmt":"2019-12-12T20:39:32","slug":"die-band","status":"publish","type":"page","link":"https:\/\/jazzswingcollegeband.eu\/?page_id=55","title":{"rendered":"\u00dcber die Band"},"content":{"rendered":"\n<p>Die Jazz-Swing-College-Band&nbsp;wurde 1984 von dem international bekannten Posaunisten und Lehrer an der Musikschule Arnold Schiffer als Big Band der Musikschule Krefeld gegr\u00fcndet. Ab 1994 \u00fcbernahm Laszlo D\u00f6m\u00f6t\u00f6r die Leitung und setzte die Bandgeschichte \u00fcber zwei Jahrzehnte erfolgreich fort. Mit ihren zahlreichen Auftritten, insbesondere mit namhaften K\u00fcnstlern der Jazzszene (u.a.&nbsp;Paul Kuhn, Ludwig Nuss, Klaus Osterloh, Brenda Boykin, Kerstin Brix), hat die Big Band sich einen Namen weit \u00fcber die Grenzen von Krefeld&nbsp;hinaus&nbsp;erspielt. Die bis zu 20 k\u00f6pfige Band, bestehend aus Sch\u00fclern, Ehemaligen und Lehrern&nbsp;der Musikschule, umfasst in ihrem Repertoire viele Jazzklassiker und Standards aus dem Bereich&nbsp;Swing, Funk und Latin. Mit ihrem aktuellen <a href=\"https:\/\/jazzswingcollegeband.eu\/?page_id=165\">Leader Oliver Hirschegger<\/a> geht die JSCB aber auch immer wieder neue Wege au\u00dferhalb des Mainstreams. Hierzu z\u00e4hlen u.a. die Kooperation mit der Jazzs\u00e4ngerin Mara Mignoli (CD: Selve-Portrait in Twelve Colours) und dem Saxophonisten Reiner Witzel. Die Band  hat mit <a href=\"https:\/\/jazzswingcollegeband.eu\/?page_id=168\">Florian Raepke<\/a> (Trompete) auch einen \u201cHausarrangeur\u201c. <\/p>\n\n\n\n<p class=\"has-large-font-size\"><strong>Ballroomatmosph\u00e4re im\nJazzkeller<\/strong><\/p>\n\n\n\n<p>35\nJahre Jazz Swing College Band &#8211; Big Band der Musikschule Krefeld<\/p>\n\n\n\n<p>Zugegeben, an die gro\u00dfen Ballrooms wie etwa den Savoy\nBallroom im New Yorker Stadtteil Harlem denkt vermutlich niemand, der die\nAbsicht hat, den Krefelder Jazzkeller zu besuchen, allein schon die\nNamensgebung weckt keine gemeinsamen Assoziationen. Und dennoch zeigt die\nGeschichte zumindest einen kleinen Ber\u00fchrungspunkt. Im gleichen Jahr, als der\nSavoy Ballroom seine Tore f\u00fcr immer schloss, \u00f6ffnete sich am oberen Ende einer\nsteilen Treppe die T\u00fcre zum Krefelder Jazzkeller, n\u00e4mlich 1958. Damit ist das\nLokal das viert\u00e4lteste dieser Art in Deutschland und hat in seiner\nVergangenheit manche Musikgeschichte erlebt und selbst auch mitgeschrieben.\nTats\u00e4chlich findet sich im Untergeschoss der Lohstra\u00dfe 92 in Krefeld kein Saal\nmit Kronleuchtern und G\u00e4sten in edlen Roben, und auch die darbietenden Musiker\nsind in aller Regel gering an der Zahl. So kommt es nur sehr selten dazu, dass\neine komplette Big Band den Weg in den Untergrund antritt, um dort ihre Musik\nzu pr\u00e4sentieren.<\/p>\n\n\n\n<p>Genau das aber passierte am 10. Dezember 2019 mit der Jazz\nSwing College Band. Die Big Band der Musikschule Krefeld unter ihrem Leiter\nOliver Hirschegger bestand im Herbst 2019 35 Jahre und lud daher zur\nGeburtstagsfeier in das Traditionslokal ein. Im Oktober 1989 scharte der\ninternational renommierte Posaunist Arnold Schiffer eine Gruppe junger\nMusikerinnen und Musiker um sich, und initiierte eine Band, deren Sound schnell\nseine Anh\u00e4ngerschaft fand. Wo immer er mit seiner Band spielte, sammelten sich\ndie Freunde der Swing \u00c4ra, die musikalisch keineswegs zum alten Eisen zu z\u00e4hlen\nwar. Bis heute hat sie sich ihre Berechtigung in unterschiedlichen Kontexten\nerspielt und erhalten.<\/p>\n\n\n\n<p>\u00dcber die dreieinhalb Jahrzehnte wechselten neben den meisten\nMusikern naturgem\u00e4\u00df auch die Bandleader, allerdings in so gro\u00dfen Abst\u00e4nden,\ndass jeder von ihnen der Band seinen eigenen Sound vermitteln konnte. Auf\nArnold Schiffer folgte nach ca. zehn Jahren sein Freund Laszlo D\u00f6m\u00f6t\u00f6r, der\nnach \u00e4hnlich gro\u00dfer Spanne an seinen fr\u00fcheren Sch\u00fcler Oliver Hirschegger\n\u00fcbergab. Der Konzertabend im Jazzkeller schlug den Bogen \u00fcber die gesamte\nBandgeschichte und machte dabei vielerorts Station an markanten Punkten.<\/p>\n\n\n\n<p>Fr\u00fchere Wegbegleiter und gro\u00dfe Gastnamen erhielten ihre\nReminiszenzen an diesem Abend. Da war der gro\u00dfe und einzigartige Posaunist Bill\nWatrous, mit dem die Jazz Swing College Band 2015 ein gemeinsames Konzert\ngestaltet hatte und der 2018 knapp achtzigj\u00e4hrig verstorben ist. In Erinnerung\nan diesen gro\u00dfartigen Musiker spielte die Band seinen Titel \u201eA Time For Love\u201c,\nmit dem Christoph Markloff-M\u00fcller, 1. Posaunist der Band, die Zuschauer fesselte\nund durch jeden einzelnen Ton ihre Sinne gleichsam miteinander verschmelzen\nlie\u00df.<\/p>\n\n\n\n<p>Auch die eigenen Reihen brachten Gro\u00dfes und Gro\u00dfe hervor.\nDas \u201eHerbsthighlight\u201c 2019 setzte der fr\u00fchere Sch\u00fcler der Musikschule und heute\nweltweit agierende Trompeter Christian Meyers, der im Oktober ein gefeiertes\nKonzert in der Musikschule mit der Band gab. \u201eBallad for A Friend\u201c, von Peter\nHerbolzheimer f\u00fcr seinen Freund Ack van Royen komponiert, war einer der von\nChristian Meyers dargebotenen Titel auf der Trompete. Oliver Hirschegger gelang\ndamit nun mit seiner Interpretation auf dem Saxophon eine Stimmung, bei der die\nSorge aufkam, das Publikum k\u00f6nnte zeitweise das Atmen vergessen haben.\nVermutlich hatten alle dabei Gedanken an jemanden, dem wiederum sie die Ballade\nwidmen wollten.<\/p>\n\n\n\n<p>Zu den dargebotenen musikalischen Besonderheiten z\u00e4hlten auch\neinige Titel, deren Bearbeitung heraussticht. Die Band wei\u00df unter ihren\nMitgliedern nicht nur hervorragende Musiker und Solisten, sondern einen eigenen\nArrangeur. Mit Florian Raepke, der selbst als Sch\u00fcler der Musikschule seine\nersten instrumentalen Schritte gegangen ist, kann die Band auf jemanden setzen,\nder durch seine Kenntnis der Band immer die Arrangements kreiert, die ganz\nspeziell auf diesen Klangk\u00f6rper zugeschnitten sind. Dabei zeigt er in der Bearbeitung\nvon Jazzstandards gleich hohe Treffsicherheit wie bei Ausfl\u00fcgen in die\nklassische Musik, wie der Abend am Beispiel eines Arrangements des Chormotivs\naus Beethovens 9. Sinfonie bewies.<\/p>\n\n\n\n<p>Es gab aber nicht nur Musik nach dem Motto \u201ealle, die wir\nfr\u00fcher mal getroffen haben\u201c, sondern ein ganz besonderer Gast, der mit der Jazz\nSwing College Band schon \u00fcber viele Jahre bis heute verbunden ist und das\nZuh\u00f6ren immer wieder zu einem besonderen Erlebnis gemacht hat, gab dem Abend\neine Stimme, ihre Stimme: Kerstin Brix. In allen Lagen zuhause sorgte sie\ndaf\u00fcr, dass der Jazzkeller mit ihrer Stimmgewalt scheinbar sogar den\nBehnischbau an die gegen\u00fcberliegende H\u00e4userfront dr\u00fccken wollte. Bisher and\u00e4chtiges\nund anerkennendes Raunen, gepaart mit begeistertem Applaus wichen hier\n\u00fcberbordender Spielfreude bei allen Beteiligten und Zuh\u00f6rern. Und Kerstin Brix\nschaffte es doch, wenn man so ungeschickt war, f\u00fcr einen Moment in der Enge des\nKellers die Augen zu schlie\u00dfen, dass man sich zumindest akustisch im Savoy\nBallroom glaubte. Die eher ruhigeren Titel perlten dabei ebenso wie die Up Tempo\nNummern, an deren Gelingen die Rhythmusgruppe, bestehend aus Markus Giesen am\nKlavier, Michael Kuhlmann und Niels Roos, die sich am Bass abwechselten, und\nDennis Janson am Schlagzeug ma\u00dfgeblichen Anteil hatten und nicht nur nach\nMa\u00dfgabe des Bandleaders zu den wenigen des Landes geh\u00f6ren, die dazu im Stande\nsind.<\/p>\n\n\n\n<p>Mit 35 Jahren ist die Jazz Swing College Band der\nMusikschule Krefeld nun \u201ezu alt, um nur zu spielen, zu jung, um ohne Wunsch zu\nsein\u201c, und so gibt es f\u00fcr die n\u00e4here und auch fernere Zukunft durchaus noch\noffene W\u00fcnsche zu musikalischen Projekten, deren Erf\u00fcllung das Publikum des\nAbends mit Sicherheit voller Spannung entgegensieht.<\/p>\n\n\n\n<p>Werner Lichtenberg<\/p>\n","protected":false},"excerpt":{"rendered":"<p>Die Jazz-Swing-College-Band&nbsp;wurde 1984 von dem international bekannten Posaunisten und Lehrer an der Musikschule Arnold Schiffer als Big Band der Musikschule Krefeld gegr\u00fcndet. Ab 1994 \u00fcbernahm Laszlo D\u00f6m\u00f6t\u00f6r die Leitung und &hellip; <\/p>\n<p class=\"link-more\"><a href=\"https:\/\/jazzswingcollegeband.eu\/?page_id=55\" class=\"more-link\"><span class=\"screen-reader-text\">\u201e\u00dcber die Band\u201c <\/span>weiterlesen<\/a><\/p>\n","protected":false},"author":5,"featured_media":19,"parent":0,"menu_order":0,"comment_status":"closed","ping_status":"closed","template":"","meta":{"footnotes":""},"class_list":["post-55","page","type-page","status-publish","has-post-thumbnail","hentry","entry"],"_links":{"self":[{"href":"https:\/\/jazzswingcollegeband.eu\/index.php?rest_route=\/wp\/v2\/pages\/55","targetHints":{"allow":["GET"]}}],"collection":[{"href":"https:\/\/jazzswingcollegeband.eu\/index.php?rest_route=\/wp\/v2\/pages"}],"about":[{"href":"https:\/\/jazzswingcollegeband.eu\/index.php?rest_route=\/wp\/v2\/types\/page"}],"author":[{"embeddable":true,"href":"https:\/\/jazzswingcollegeband.eu\/index.php?rest_route=\/wp\/v2\/users\/5"}],"replies":[{"embeddable":true,"href":"https:\/\/jazzswingcollegeband.eu\/index.php?rest_route=%2Fwp%2Fv2%2Fcomments&post=55"}],"version-history":[{"count":7,"href":"https:\/\/jazzswingcollegeband.eu\/index.php?rest_route=\/wp\/v2\/pages\/55\/revisions"}],"predecessor-version":[{"id":212,"href":"https:\/\/jazzswingcollegeband.eu\/index.php?rest_route=\/wp\/v2\/pages\/55\/revisions\/212"}],"wp:featuredmedia":[{"embeddable":true,"href":"https:\/\/jazzswingcollegeband.eu\/index.php?rest_route=\/wp\/v2\/media\/19"}],"wp:attachment":[{"href":"https:\/\/jazzswingcollegeband.eu\/index.php?rest_route=%2Fwp%2Fv2%2Fmedia&parent=55"}],"curies":[{"name":"wp","href":"https:\/\/api.w.org\/{rel}","templated":true}]}}